{"id":2251,"date":"2024-09-25T00:54:26","date_gmt":"2024-09-25T00:54:26","guid":{"rendered":"https:\/\/cosaancosmetics.com\/?page_id=2251"},"modified":"2025-12-07T18:35:09","modified_gmt":"2025-12-07T23:35:09","slug":"about-us","status":"publish","type":"page","link":"https:\/\/cosaancosmetics.com\/fr\/about-us\/","title":{"rendered":"A propos"},"content":{"rendered":"<h2 class=\"wp-block-heading\">Nos valeurs<\/h2>\n\n\n\n<div style=\"height:12px\" aria-hidden=\"true\" class=\"wp-block-spacer\"><\/div>\n\n\n\n<p class=\"has-normal-font-size\">Nous adoptons une approche holistique de la cosm\u00e9tique qui privil\u00e9gie les ingr\u00e9dients naturels, respectueux de l'environnement et non toxiques, s\u00e9lectionn\u00e9s pour leurs bienfaits.<\/p>\n\n\n\n<p class=\"has-normal-font-size\">Nos cosm\u00e9tiques sont fabriqu\u00e9s au Canada en petites s\u00e9ries. Nous soutenons l'approvisionnement et les pratiques \u00e9thiques.<\/p>\n\n\n\n<p class=\"has-normal-font-size\">Nous nous engageons \u00e0 offrir \u00e0 vos cheveux et \u00e0 votre peau les meilleurs produits, soigneusement cr\u00e9\u00e9s pour rehausser leur \u00e9clat naturel. Notre objectif est de vous accompagner dans une routine de soins plus minimaliste, plus simple et plus douce.<\/p>\n\n\n\n<div style=\"height:12px\" aria-hidden=\"true\" class=\"wp-block-spacer\"><\/div>\n\n\n\n<h2 class=\"wp-block-heading\">D\u00e9couvrez l'approche holistique<\/h2>\n\n\n\n<div style=\"height:12px\" aria-hidden=\"true\" class=\"wp-block-spacer\"><\/div>\n\n\n\n<p class=\"has-normal-font-size\">Le concept de l\u2019approche holistique de la beaut\u00e9 c\u2019est de traiter la beaut\u00e9 et le bien-\u00eatre ensemble. C\u2019est d\u2019int\u00e9grer une routine de soin global prenant en compte le bien-\u00eatre et l\u2019hygi\u00e8ne de vie. Ne plus chercher seulement \u00e0 \u00eatre beau mais \u00e0 \u00eatre bien dans son corps.<\/p>\n\n\n\n<div style=\"height:12px\" aria-hidden=\"true\" class=\"wp-block-spacer\"><\/div>\n\n\n\n<h2 class=\"wp-block-heading\">Que signifie Cosaan ?<\/h2>\n\n\n\n<div style=\"height:13px\" aria-hidden=\"true\" class=\"wp-block-spacer\"><\/div>\n\n\n\n<p class=\"has-normal-font-size\">Cosaan signifie source et origine en wolof et symbolise notre vision de revenir \u00e0 des ingr\u00e9dients naturels, bons et simples.<\/p>\n\n\n\n<div style=\"height:13px\" aria-hidden=\"true\" class=\"wp-block-spacer\"><\/div>\n\n\n\n<h2 class=\"wp-block-heading\">Un mot de la fondatrice<\/h2>\n\n\n\n<p class=\"has-normal-font-size\">Esth\u00e9ticienne depuis plus de 20 ans et une carri\u00e8re dans la cosm\u00e9tique \u00e0 Paris, ma passion a toujours \u00e9t\u00e9 de cr\u00e9er des cosm\u00e9tiques naturels avec des ingr\u00e9dients de haute qualit\u00e9 et 100% transparents. M\u00e8re de deux filles, je voulais leur offrir des soins efficaces, doux et non toxiques. Au fil des ans, j'ai d\u00e9velopp\u00e9 mes propres produits pour moi et ma famille. J'ai constat\u00e9 les bienfaits sur les cheveux et la peau d'une routine minimaliste et d'une s\u00e9lection d'ingr\u00e9dients de haute qualit\u00e9. C'est ainsi qu'est n\u00e9e Cosaan, une marque qui vous rassure en vous offrant la transparence et un assortiment du meilleur de la nature pour des soins quotidiens en toute simplicit\u00e9.<\/p>\n\n\n\n<p class=\"has-normal-font-size\">Merci de faire partie de la communaut\u00e9 Cosaan !<\/p>\n\n\n\n<div class=\"wp-block-media-text is-stacked-on-mobile\" style=\"grid-template-columns:29% auto\"><figure class=\"wp-block-media-text__media\"><img loading=\"lazy\" decoding=\"async\" width=\"1024\" height=\"523\" src=\"https:\/\/cosaancosmetics.com\/wp-content\/uploads\/2025\/03\/signature_marianne-2-1024x523.png\" alt=\"\" class=\"wp-image-2817 size-full\" srcset=\"https:\/\/cosaancosmetics.com\/wp-content\/uploads\/2025\/03\/signature_marianne-2-1024x523.png 1024w, https:\/\/cosaancosmetics.com\/wp-content\/uploads\/2025\/03\/signature_marianne-2-416x212.png 416w, https:\/\/cosaancosmetics.com\/wp-content\/uploads\/2025\/03\/signature_marianne-2-300x153.png 300w, https:\/\/cosaancosmetics.com\/wp-content\/uploads\/2025\/03\/signature_marianne-2-768x392.png 768w, https:\/\/cosaancosmetics.com\/wp-content\/uploads\/2025\/03\/signature_marianne-2.png 1132w\" sizes=\"auto, (max-width: 1024px) 100vw, 1024px\" \/><\/figure><div class=\"wp-block-media-text__content\">\n<p><\/p>\n<\/div><\/div>\n\n\n\n<p><\/p>","protected":false},"excerpt":{"rendered":"<p>Our values We adopt a holistic approach cosmetic that prioritises natural, environmentally friendly and non-toxic ingredients selected for their benefits. Our cosmetics are crafted in Canada in small batches. We support ethical sourcing and practises. We are dedicated to give your hair and skin the best products, carefully created to enhance their natural radiance. Our [&hellip;]<\/p>","protected":false},"author":1,"featured_media":0,"parent":0,"menu_order":0,"comment_status":"closed","ping_status":"closed","template":"","meta":{"_uag_custom_page_level_css":"","footnotes":""},"class_list":["post-2251","page","type-page","status-publish","hentry"],"aioseo_notices":[],"uagb_featured_image_src":{"full":false,"thumbnail":false,"medium":false,"medium_large":false,"large":false,"1536x1536":false,"2048x2048":false,"trp-custom-language-flag":false,"woocommerce_thumbnail":false,"woocommerce_single":false,"woocommerce_gallery_thumbnail":false},"uagb_author_info":{"display_name":"Cosaan Cosmetics","author_link":"https:\/\/cosaancosmetics.com\/fr\/author\/renaud_meunier_intyahoo-com\/"},"uagb_comment_info":0,"uagb_excerpt":"Our values We adopt a holistic approach cosmetic that prioritises natural, environmentally friendly and non-toxic ingredients selected for their benefits. Our cosmetics are crafted in Canada in small batches. We support ethical sourcing and practises. We are dedicated to give your hair and skin the best products, carefully created to enhance their natural radiance. Our&hellip;","jetpack_sharing_enabled":true,"_links":{"self":[{"href":"https:\/\/cosaancosmetics.com\/fr\/wp-json\/wp\/v2\/pages\/2251","targetHints":{"allow":["GET"]}}],"collection":[{"href":"https:\/\/cosaancosmetics.com\/fr\/wp-json\/wp\/v2\/pages"}],"about":[{"href":"https:\/\/cosaancosmetics.com\/fr\/wp-json\/wp\/v2\/types\/page"}],"author":[{"embeddable":true,"href":"https:\/\/cosaancosmetics.com\/fr\/wp-json\/wp\/v2\/users\/1"}],"replies":[{"embeddable":true,"href":"https:\/\/cosaancosmetics.com\/fr\/wp-json\/wp\/v2\/comments?post=2251"}],"version-history":[{"count":53,"href":"https:\/\/cosaancosmetics.com\/fr\/wp-json\/wp\/v2\/pages\/2251\/revisions"}],"predecessor-version":[{"id":3104,"href":"https:\/\/cosaancosmetics.com\/fr\/wp-json\/wp\/v2\/pages\/2251\/revisions\/3104"}],"wp:attachment":[{"href":"https:\/\/cosaancosmetics.com\/fr\/wp-json\/wp\/v2\/media?parent=2251"}],"curies":[{"name":"wp","href":"https:\/\/api.w.org\/{rel}","templated":true}]}}