{"id":2493,"date":"2025-01-09T21:39:27","date_gmt":"2025-01-10T02:39:27","guid":{"rendered":"https:\/\/cosaancosmetics.com\/?page_id=2493"},"modified":"2025-11-16T21:49:50","modified_gmt":"2025-11-17T02:49:50","slug":"privacy-policy","status":"publish","type":"page","link":"https:\/\/cosaancosmetics.com\/fr\/privacy-policy\/","title":{"rendered":"Politique de confidentialit\u00e9"},"content":{"rendered":"<h2 class=\"wp-block-heading\">Qui sommes-nous ?<\/h2>\n\n\n\n<p>Nous sommes un fabricant de produits cosm\u00e9tiques. Cosaan Cosmetics est le nom de notre gamme de produits cosm\u00e9tiques et est distribu\u00e9e par Escale Relax, notre premi\u00e8re soci\u00e9t\u00e9, enregistr\u00e9e en Ontario, Canada. Vous pouvez trouver nos contacts dans la page contact. Notre site web est https:\/\/cosaancosmetics.com. Nous ne vendons que des produits fabriqu\u00e9s par nos soins.<\/p>\n\n\n\n<p>Notre site est sous WordPress et nous utilisons des plugins renomm\u00e9s pour la gestion des boutiques (Woo Commerce et Square), la passerelle de paiement (Square) et la s\u00e9curit\u00e9 (Jetpack).<\/p>\n\n\n\n<h2 class=\"wp-block-heading\">Quelles sont les donn\u00e9es personnelles que nous recueillons et pourquoi nous les recueillons ?<\/h2>\n\n\n\n<p>Nous ne recueillons des donn\u00e9es personnelles que pour livrer des marchandises \u00e0 nos clients. Il s'agit des informations relatives \u00e0 l'achat, du nom du client, de son adresse et de son adresse \u00e9lectronique. Ces donn\u00e9es seront conserv\u00e9es pendant un an pour les commandes termin\u00e9es, 15 jours pour les commandes \u00e9chou\u00e9es ou annul\u00e9es et 15 jours pour les commandes en cours. Nous n'utilisons pas vos donn\u00e9es \u00e0 des fins de marketing.<\/p>\n\n\n\n<p>Nous n'autorisons pas le login sur notre site web.<\/p>\n\n\n\n<h2 class=\"wp-block-heading\">Paiements<\/h2>\n\n\n\n<p>Toutes les transactions sur notre site sont soigneusement s\u00e9curis\u00e9es par l'utilisation de fournisseurs de paiement tiers. Notre passerelle de paiement est aliment\u00e9e par Square. Nous ne conservons que le type de transaction (d\u00e9bit ou cr\u00e9dit, r\u00e9seau de cartes de cr\u00e9dit), la date et le montant \u00e0 des fins fiscales, et ce pendant 6 ans.<\/p>\n\n\n\n<h2 class=\"wp-block-heading\">Commentaires<\/h2>\n\n\n\n<p>Remarque : vous pouvez laisser des avis, mais pas de commentaires sur notre site.<\/p>\n\n\n\n<p>Lorsque les visiteurs laissent des commentaires sur le site, nous collectons les donn\u00e9es indiqu\u00e9es dans le formulaire de commentaires, ainsi que l'adresse IP du visiteur et la cha\u00eene de l'agent utilisateur du navigateur afin de faciliter la d\u00e9tection des spams.<\/p>\n\n\n\n<p>Une cha\u00eene anonymis\u00e9e cr\u00e9\u00e9e \u00e0 partir de votre adresse e-mail (\u00e9galement appel\u00e9e \u00ab hash \u00bb) peut \u00eatre fournie au service Gravatar afin de v\u00e9rifier si vous l'utilisez. La politique de confidentialit\u00e9 du service Gravatar est disponible ici : https:\/\/automattic.com\/privacy\/. Une fois votre commentaire approuv\u00e9, votre photo de profil sera visible par le public dans le contexte de votre commentaire.<\/p>\n\n\n\n<h2 class=\"wp-block-heading\">M\u00e9dias<\/h2>\n\n\n\n<p>Nous n'autorisons pas le t\u00e9l\u00e9chargement d'images sur le site web.<\/p>\n\n\n\n<h2 class=\"wp-block-heading\">Cookies<\/h2>\n\n\n\n<p>Si vous laissez un commentaire sur notre site, vous pouvez choisir d'enregistrer votre nom, votre adresse e-mail et votre site web dans des cookies. Ceux-ci sont destin\u00e9s \u00e0 vous faciliter la t\u00e2che afin que vous n'ayez pas \u00e0 remplir \u00e0 nouveau vos coordonn\u00e9es lorsque vous laissez un autre commentaire. Ces cookies ont une dur\u00e9e de vie d'un an.<\/p>\n\n\n\n<p>Si vous consultez notre page de connexion, nous installerons un cookie temporaire afin de d\u00e9terminer si votre navigateur accepte les cookies. Ce cookie ne contient aucune donn\u00e9e personnelle et est supprim\u00e9 lorsque vous fermez votre navigateur.<\/p>\n\n\n\n<p>Lorsque vous vous connectez, nous installons \u00e9galement plusieurs cookies afin d'enregistrer vos informations de connexion et vos pr\u00e9f\u00e9rences d'affichage \u00e0 l'\u00e9cran. Les cookies de connexion ont une dur\u00e9e de vie de deux jours, tandis que les cookies relatifs aux options d'affichage ont une dur\u00e9e de vie d'un an. Si vous s\u00e9lectionnez \u00ab Se souvenir de moi \u00bb, votre connexion sera conserv\u00e9e pendant deux semaines. Si vous vous d\u00e9connectez de votre compte, les cookies de connexion seront supprim\u00e9s.<\/p>\n\n\n\n<p>Si vous modifiez ou publiez un article, un cookie suppl\u00e9mentaire sera enregistr\u00e9 dans votre navigateur. Ce cookie ne contient aucune donn\u00e9e personnelle et indique simplement l'identifiant de l'article que vous venez de modifier. Il expire apr\u00e8s 1 jour.<\/p>\n\n\n\n<h2 class=\"wp-block-heading\">Contenu int\u00e9gr\u00e9 provenant d'autres sites web<\/h2>\n\n\n\n<p>Nous n'utilisons pas de contenu int\u00e9gr\u00e9 sur notre site.<\/p>\n\n\n\n<h2 class=\"wp-block-heading\">Avec qui nous partageons vos donn\u00e9es<\/h2>\n\n\n\n<p>Vos donn\u00e9es ne sont partag\u00e9es avec personne en dehors de Cosaan Cosmetics.<\/p>\n\n\n\n<h2 class=\"wp-block-heading\">Combien de temps conservons-nous vos donn\u00e9es ?<\/h2>\n\n\n\n<p>Si vous laissez un commentaire, celui-ci et ses m\u00e9tadonn\u00e9es sont conserv\u00e9s ind\u00e9finiment. Cela nous permet de reconna\u00eetre et d'approuver automatiquement les commentaires suivants, plut\u00f4t que de les placer dans une file d'attente de mod\u00e9ration.<\/p>\n\n\n\n<h2 class=\"wp-block-heading\">Quels sont vos droits sur vos donn\u00e9es ?<\/h2>\n\n\n\n<p>Si vous avez laiss\u00e9 des commentaires, vous pouvez demander \u00e0 recevoir un fichier export\u00e9 contenant les donn\u00e9es personnelles que nous d\u00e9tenons \u00e0 votre sujet, y compris toutes les donn\u00e9es que vous nous avez fournies. Vous pouvez \u00e9galement demander que nous effacions toutes les donn\u00e9es personnelles que nous d\u00e9tenons \u00e0 votre sujet. Cela n'inclut pas les donn\u00e9es que nous sommes tenus de conserver \u00e0 des fins administratives, juridiques ou de s\u00e9curit\u00e9.<\/p>\n\n\n\n<h2 class=\"wp-block-heading\">O\u00f9 vos donn\u00e9es sont envoy\u00e9es<\/h2>\n\n\n\n<p>Les commentaires des visiteurs peuvent \u00eatre v\u00e9rifi\u00e9s par un service automatis\u00e9 de d\u00e9tection des spams.<\/p>\n\n\n\n<h2 class=\"wp-block-heading\">Cache<\/h2>\n\n\n\n<p>Ce site utilise la mise en cache pour acc\u00e9l\u00e9rer le temps de r\u00e9ponse et am\u00e9liorer l'exp\u00e9rience utilisateur. La mise en cache peut stocker une copie en double de chaque page Web affich\u00e9e sur ce site. Tous les fichiers cache sont temporaires et ne sont jamais consult\u00e9s par des tiers, sauf si cela est n\u00e9cessaire pour obtenir une assistance technique aupr\u00e8s du fournisseur du plugin de cache. Les fichiers cache expirent selon un calendrier d\u00e9fini par l'administrateur du site, mais peuvent \u00eatre facilement purg\u00e9s par l'administrateur avant leur expiration naturelle, si n\u00e9cessaire. Nous pouvons utiliser les services QUIC.cloud pour traiter et mettre en cache vos donn\u00e9es de mani\u00e8re temporaire. Veuillez consulter&nbsp;<a href=\"https:\/\/quic.cloud\/privacy-policy\/\" target=\"_blank\" rel=\"noreferrer noopener\">https:\/\/quic.cloud\/privacy-policy\/<\/a>&nbsp;pour plus de d\u00e9tails.<\/p>\n\n\n\n<p><\/p>","protected":false},"excerpt":{"rendered":"<p>Who we are We are a cosmetics product manufacturer. Cosaan Cosmetics is the name of our cosmetics range and distributed by Escale Relax, our first company, registered in Ontario, Canada. You can find our contacts in the contact page. Our website is https:\/\/cosaancosmetics.com. We only sell products manufactured by us. Our site is powered by [&hellip;]<\/p>","protected":false},"author":1,"featured_media":0,"parent":0,"menu_order":0,"comment_status":"closed","ping_status":"closed","template":"","meta":{"_uag_custom_page_level_css":"","footnotes":""},"class_list":["post-2493","page","type-page","status-publish","hentry"],"aioseo_notices":[],"uagb_featured_image_src":{"full":false,"thumbnail":false,"medium":false,"medium_large":false,"large":false,"1536x1536":false,"2048x2048":false,"trp-custom-language-flag":false,"woocommerce_thumbnail":false,"woocommerce_single":false,"woocommerce_gallery_thumbnail":false},"uagb_author_info":{"display_name":"Cosaan Cosmetics","author_link":"https:\/\/cosaancosmetics.com\/fr\/author\/renaud_meunier_intyahoo-com\/"},"uagb_comment_info":0,"uagb_excerpt":"Who we are We are a cosmetics product manufacturer. Cosaan Cosmetics is the name of our cosmetics range and distributed by Escale Relax, our first company, registered in Ontario, Canada. You can find our contacts in the contact page. Our website is https:\/\/cosaancosmetics.com. We only sell products manufactured by us. Our site is powered by&hellip;","jetpack_sharing_enabled":true,"_links":{"self":[{"href":"https:\/\/cosaancosmetics.com\/fr\/wp-json\/wp\/v2\/pages\/2493","targetHints":{"allow":["GET"]}}],"collection":[{"href":"https:\/\/cosaancosmetics.com\/fr\/wp-json\/wp\/v2\/pages"}],"about":[{"href":"https:\/\/cosaancosmetics.com\/fr\/wp-json\/wp\/v2\/types\/page"}],"author":[{"embeddable":true,"href":"https:\/\/cosaancosmetics.com\/fr\/wp-json\/wp\/v2\/users\/1"}],"replies":[{"embeddable":true,"href":"https:\/\/cosaancosmetics.com\/fr\/wp-json\/wp\/v2\/comments?post=2493"}],"version-history":[{"count":15,"href":"https:\/\/cosaancosmetics.com\/fr\/wp-json\/wp\/v2\/pages\/2493\/revisions"}],"predecessor-version":[{"id":2850,"href":"https:\/\/cosaancosmetics.com\/fr\/wp-json\/wp\/v2\/pages\/2493\/revisions\/2850"}],"wp:attachment":[{"href":"https:\/\/cosaancosmetics.com\/fr\/wp-json\/wp\/v2\/media?parent=2493"}],"curies":[{"name":"wp","href":"https:\/\/api.w.org\/{rel}","templated":true}]}}