{"id":2549,"date":"2025-01-19T20:03:28","date_gmt":"2025-01-20T01:03:28","guid":{"rendered":"https:\/\/cosaancosmetics.com\/?page_id=2549"},"modified":"2025-12-09T21:43:17","modified_gmt":"2025-12-10T02:43:17","slug":"shipping","status":"publish","type":"page","link":"https:\/\/cosaancosmetics.com\/fr\/shipping\/","title":{"rendered":"Livraison"},"content":{"rendered":"<p><\/p>\n\n\n\n<h3 class=\"wp-block-heading\">Traitement des commandes<\/h3>\n\n\n\n<p>We will do our maximum to prepare your order within 2 to 3 business days. You will receive an email when the order has been placed as well as one when your order is ready.<\/p>\n\n\n\n<div style=\"height:27px\" aria-hidden=\"true\" class=\"wp-block-spacer\"><\/div>\n\n\n\n<h3 class=\"wp-block-heading\"> Livraison<\/h3>\n\n\n\n<p>Nous utilisons les services de colis de Postes Canada. Nous utilisons deux types de services :<\/p>\n\n\n\n<ul class=\"wp-block-list\">\n<li>Colis standard : jusqu'\u00e0 3 jours pour les livraisons locales, jusqu'\u00e0 6 jours pour les livraisons r\u00e9gionales et jusqu'\u00e0 10 jours pour les livraisons nationales.<\/li>\n\n\n\n<li>Xpresspost : livraison le lendemain et en 2 jours<\/li>\n<\/ul>\n\n\n\n<p>Au moment du paiement, nous utilisons l'API d'exp\u00e9dition de Postes Canada afin de fournir une meilleure estimation du d\u00e9lai de livraison. Ce d\u00e9lai comprend les jours n\u00e9cessaires \u00e0 la pr\u00e9paration de votre commande avant son exp\u00e9dition.<\/p>\n\n\n\n<p><strong>Vous recevrez un num\u00e9ro de suivi par courriel.<\/strong><\/p>\n\n\n\n<p><strong>Nous ne serons pas responsables des colis perdus ou vol\u00e9s.<\/strong><\/p>\n\n\n\n<p class=\"has-x-small-font-size\"><\/p>","protected":false},"excerpt":{"rendered":"<p>Order processing We will do our maximum to prepare your order within 2 to 3 business days. You will receive an email when the order has been placed as well as one when your order is ready. Shipping We use Canada Post parcel services. We use two types of services: At checkout we use Canada [&hellip;]<\/p>","protected":false},"author":1,"featured_media":0,"parent":0,"menu_order":0,"comment_status":"closed","ping_status":"closed","template":"","meta":{"_uag_custom_page_level_css":"","footnotes":""},"class_list":["post-2549","page","type-page","status-publish","hentry"],"aioseo_notices":[],"uagb_featured_image_src":{"full":false,"thumbnail":false,"medium":false,"medium_large":false,"large":false,"1536x1536":false,"2048x2048":false,"trp-custom-language-flag":false,"woocommerce_thumbnail":false,"woocommerce_single":false,"woocommerce_gallery_thumbnail":false},"uagb_author_info":{"display_name":"Cosaan Cosmetics","author_link":"https:\/\/cosaancosmetics.com\/fr\/author\/renaud_meunier_intyahoo-com\/"},"uagb_comment_info":0,"uagb_excerpt":"Order processing We will do our maximum to prepare your order within 2 to 3 business days. You will receive an email when the order has been placed as well as one when your order is ready. Shipping We use Canada Post parcel services. We use two types of services: At checkout we use Canada&hellip;","jetpack_sharing_enabled":true,"_links":{"self":[{"href":"https:\/\/cosaancosmetics.com\/fr\/wp-json\/wp\/v2\/pages\/2549","targetHints":{"allow":["GET"]}}],"collection":[{"href":"https:\/\/cosaancosmetics.com\/fr\/wp-json\/wp\/v2\/pages"}],"about":[{"href":"https:\/\/cosaancosmetics.com\/fr\/wp-json\/wp\/v2\/types\/page"}],"author":[{"embeddable":true,"href":"https:\/\/cosaancosmetics.com\/fr\/wp-json\/wp\/v2\/users\/1"}],"replies":[{"embeddable":true,"href":"https:\/\/cosaancosmetics.com\/fr\/wp-json\/wp\/v2\/comments?post=2549"}],"version-history":[{"count":52,"href":"https:\/\/cosaancosmetics.com\/fr\/wp-json\/wp\/v2\/pages\/2549\/revisions"}],"predecessor-version":[{"id":3117,"href":"https:\/\/cosaancosmetics.com\/fr\/wp-json\/wp\/v2\/pages\/2549\/revisions\/3117"}],"wp:attachment":[{"href":"https:\/\/cosaancosmetics.com\/fr\/wp-json\/wp\/v2\/media?parent=2549"}],"curies":[{"name":"wp","href":"https:\/\/api.w.org\/{rel}","templated":true}]}}