{"id":2986,"date":"2025-11-26T08:41:45","date_gmt":"2025-11-26T13:41:45","guid":{"rendered":"https:\/\/cosaancosmetics.com\/?page_id=2986"},"modified":"2025-12-26T17:55:55","modified_gmt":"2025-12-26T22:55:55","slug":"home","status":"publish","type":"page","link":"https:\/\/cosaancosmetics.com\/fr\/","title":{"rendered":"Cosaan Cosmetics"},"content":{"rendered":"<div class=\"wp-block-columns is-layout-flex wp-container-core-columns-is-layout-28f84493 wp-block-columns-is-layout-flex\">\n<div class=\"wp-block-column is-layout-flow wp-block-column-is-layout-flow\" style=\"flex-basis:66.66%\">\n<h2 class=\"wp-block-heading has-text-align-right\"><strong>De Source Naturelle<\/strong><\/h2>\n<\/div>\n\n\n\n<div class=\"wp-block-column is-layout-flow wp-block-column-is-layout-flow\" style=\"flex-basis:33.33%\"><\/div>\n<\/div>\n\n\n\n<p class=\"has-medium-font-size\">Bienvenue chez Cosaan Cosmetics, une gamme de cosm\u00e9tiques naturels d\u00e9velopp\u00e9s et fabriqu\u00e9s au Canada.<br>Nos produits sont formul\u00e9s \u00e0 partir de plantes biologiques de haute qualit\u00e9, soigneusement s\u00e9lectionn\u00e9es pour leurs bienfaits sur les cheveux et la peau.<\/p>\n\n\n\n<p><\/p>\n\n\n\n<p class=\"has-medium-font-size\"><strong>Cosaan Cosmetics, une marque de confiance, qui offre transparence et pratiques \u00e9thiques !<\/strong><\/p>\n\n\n\n<div style=\"height:29px\" aria-hidden=\"true\" class=\"wp-block-spacer\"><\/div>\n\n\n\n<div class=\"wp-block-columns is-layout-flex wp-container-core-columns-is-layout-28f84493 wp-block-columns-is-layout-flex\">\n<div class=\"wp-block-column is-layout-flow wp-block-column-is-layout-flow\" style=\"flex-basis:100%\">\n<div class=\"wp-block-jetpack-slideshow aligncenter\" data-effect=\"slide\" style=\"--aspect-ratio:calc(2082 \/ 1720)\"><div class=\"wp-block-jetpack-slideshow_container swiper\"><ul class=\"wp-block-jetpack-slideshow_swiper-wrapper swiper-wrapper\"><li class=\"wp-block-jetpack-slideshow_slide swiper-slide\"><figure><img loading=\"lazy\" decoding=\"async\" width=\"2082\" height=\"1720\" alt=\"\" class=\"wp-block-jetpack-slideshow_image wp-image-3120\" data-id=\"3120\" data-aspect-ratio=\"2082 \/ 1720\" src=\"https:\/\/cosaancosmetics.com\/wp-content\/uploads\/2025\/12\/20251221_105644-scaled-e1766787519780.jpg\" srcset=\"https:\/\/cosaancosmetics.com\/wp-content\/uploads\/2025\/12\/20251221_105644-scaled-e1766787519780.jpg 2082w, https:\/\/cosaancosmetics.com\/wp-content\/uploads\/2025\/12\/20251221_105644-scaled-e1766787519780-416x344.jpg 416w, https:\/\/cosaancosmetics.com\/wp-content\/uploads\/2025\/12\/20251221_105644-scaled-e1766787519780-300x248.jpg 300w, https:\/\/cosaancosmetics.com\/wp-content\/uploads\/2025\/12\/20251221_105644-scaled-e1766787519780-1024x846.jpg 1024w, https:\/\/cosaancosmetics.com\/wp-content\/uploads\/2025\/12\/20251221_105644-scaled-e1766787519780-768x634.jpg 768w, https:\/\/cosaancosmetics.com\/wp-content\/uploads\/2025\/12\/20251221_105644-scaled-e1766787519780-1536x1269.jpg 1536w, https:\/\/cosaancosmetics.com\/wp-content\/uploads\/2025\/12\/20251221_105644-scaled-e1766787519780-2048x1692.jpg 2048w, https:\/\/cosaancosmetics.com\/wp-content\/uploads\/2025\/12\/20251221_105644-scaled-e1766787519780-15x12.jpg 15w\" sizes=\"(max-width: 2082px) 100vw, 2082px\" \/><\/figure><\/li><li class=\"wp-block-jetpack-slideshow_slide swiper-slide\"><figure><img loading=\"lazy\" decoding=\"async\" width=\"1267\" height=\"1680\" alt=\"\" class=\"wp-block-jetpack-slideshow_image wp-image-3130\" data-id=\"3130\" data-aspect-ratio=\"1267 \/ 1680\" src=\"https:\/\/cosaancosmetics.com\/wp-content\/uploads\/2025\/12\/20251202_092121-scaled-e1766789589708.jpg\" srcset=\"https:\/\/cosaancosmetics.com\/wp-content\/uploads\/2025\/12\/20251202_092121-scaled-e1766789589708.jpg 1267w, https:\/\/cosaancosmetics.com\/wp-content\/uploads\/2025\/12\/20251202_092121-scaled-e1766789589708-416x552.jpg 416w, https:\/\/cosaancosmetics.com\/wp-content\/uploads\/2025\/12\/20251202_092121-scaled-e1766789589708-226x300.jpg 226w, https:\/\/cosaancosmetics.com\/wp-content\/uploads\/2025\/12\/20251202_092121-scaled-e1766789589708-772x1024.jpg 772w, https:\/\/cosaancosmetics.com\/wp-content\/uploads\/2025\/12\/20251202_092121-scaled-e1766789589708-768x1018.jpg 768w, https:\/\/cosaancosmetics.com\/wp-content\/uploads\/2025\/12\/20251202_092121-scaled-e1766789589708-1158x1536.jpg 1158w, https:\/\/cosaancosmetics.com\/wp-content\/uploads\/2025\/12\/20251202_092121-scaled-e1766789589708-9x12.jpg 9w\" sizes=\"(max-width: 1267px) 100vw, 1267px\" \/><\/figure><\/li><li class=\"wp-block-jetpack-slideshow_slide swiper-slide\"><figure><img loading=\"lazy\" decoding=\"async\" width=\"2130\" height=\"1685\" alt=\"\" class=\"wp-block-jetpack-slideshow_image wp-image-3126\" data-id=\"3126\" data-aspect-ratio=\"2130 \/ 1685\" src=\"https:\/\/cosaancosmetics.com\/wp-content\/uploads\/2025\/12\/20251221_105428-scaled-e1766788890519.jpg\" srcset=\"https:\/\/cosaancosmetics.com\/wp-content\/uploads\/2025\/12\/20251221_105428-scaled-e1766788890519.jpg 2130w, https:\/\/cosaancosmetics.com\/wp-content\/uploads\/2025\/12\/20251221_105428-scaled-e1766788890519-416x329.jpg 416w, https:\/\/cosaancosmetics.com\/wp-content\/uploads\/2025\/12\/20251221_105428-scaled-e1766788890519-300x237.jpg 300w, https:\/\/cosaancosmetics.com\/wp-content\/uploads\/2025\/12\/20251221_105428-scaled-e1766788890519-1024x810.jpg 1024w, https:\/\/cosaancosmetics.com\/wp-content\/uploads\/2025\/12\/20251221_105428-scaled-e1766788890519-768x608.jpg 768w, https:\/\/cosaancosmetics.com\/wp-content\/uploads\/2025\/12\/20251221_105428-scaled-e1766788890519-1536x1215.jpg 1536w, https:\/\/cosaancosmetics.com\/wp-content\/uploads\/2025\/12\/20251221_105428-scaled-e1766788890519-2048x1620.jpg 2048w, https:\/\/cosaancosmetics.com\/wp-content\/uploads\/2025\/12\/20251221_105428-scaled-e1766788890519-15x12.jpg 15w\" sizes=\"(max-width: 2130px) 100vw, 2130px\" \/><\/figure><\/li><\/ul><a class=\"wp-block-jetpack-slideshow_button-prev swiper-button-prev swiper-button-white\" role=\"button\"><\/a><a class=\"wp-block-jetpack-slideshow_button-next swiper-button-next swiper-button-white\" role=\"button\"><\/a><a aria-label=\"Pause Slideshow\" class=\"wp-block-jetpack-slideshow_button-pause\" role=\"button\"><\/a><div class=\"wp-block-jetpack-slideshow_pagination swiper-pagination swiper-pagination-white\"><\/div><\/div><\/div>\n<\/div>\n<\/div>\n\n\n\n<div class=\"wp-block-columns is-layout-flex wp-container-core-columns-is-layout-28f84493 wp-block-columns-is-layout-flex\">\n<div class=\"wp-block-column is-layout-flow wp-block-column-is-layout-flow\" style=\"flex-basis:100%\"><\/div>\n<\/div>","protected":false},"excerpt":{"rendered":"<p>Sourced In Nature Welcome to Cosaan Cosmetics, a line of natural cosmetics developed and manufactured in Canada.Our products are formulated using high-quality organic plants, carefully selected for their benefits to hair and skin. Cosaan Cosmetics, a brand you can trust, offering transparency and ethical practices!<\/p>","protected":false},"author":1,"featured_media":0,"parent":0,"menu_order":0,"comment_status":"closed","ping_status":"closed","template":"","meta":{"_uag_custom_page_level_css":"","footnotes":""},"class_list":["post-2986","page","type-page","status-publish","hentry"],"aioseo_notices":[],"uagb_featured_image_src":{"full":false,"thumbnail":false,"medium":false,"medium_large":false,"large":false,"1536x1536":false,"2048x2048":false,"trp-custom-language-flag":false,"woocommerce_thumbnail":false,"woocommerce_single":false,"woocommerce_gallery_thumbnail":false},"uagb_author_info":{"display_name":"Cosaan Cosmetics","author_link":"https:\/\/cosaancosmetics.com\/fr\/author\/renaud_meunier_intyahoo-com\/"},"uagb_comment_info":0,"uagb_excerpt":"Sourced In Nature Welcome to Cosaan Cosmetics, a line of natural cosmetics developed and manufactured in Canada.Our products are formulated using high-quality organic plants, carefully selected for their benefits to hair and skin. Cosaan Cosmetics, a brand you can trust, offering transparency and ethical practices!","jetpack_sharing_enabled":true,"_links":{"self":[{"href":"https:\/\/cosaancosmetics.com\/fr\/wp-json\/wp\/v2\/pages\/2986","targetHints":{"allow":["GET"]}}],"collection":[{"href":"https:\/\/cosaancosmetics.com\/fr\/wp-json\/wp\/v2\/pages"}],"about":[{"href":"https:\/\/cosaancosmetics.com\/fr\/wp-json\/wp\/v2\/types\/page"}],"author":[{"embeddable":true,"href":"https:\/\/cosaancosmetics.com\/fr\/wp-json\/wp\/v2\/users\/1"}],"replies":[{"embeddable":true,"href":"https:\/\/cosaancosmetics.com\/fr\/wp-json\/wp\/v2\/comments?post=2986"}],"version-history":[{"count":34,"href":"https:\/\/cosaancosmetics.com\/fr\/wp-json\/wp\/v2\/pages\/2986\/revisions"}],"predecessor-version":[{"id":3132,"href":"https:\/\/cosaancosmetics.com\/fr\/wp-json\/wp\/v2\/pages\/2986\/revisions\/3132"}],"wp:attachment":[{"href":"https:\/\/cosaancosmetics.com\/fr\/wp-json\/wp\/v2\/media?parent=2986"}],"curies":[{"name":"wp","href":"https:\/\/api.w.org\/{rel}","templated":true}]}}