{"id":2333,"date":"2024-10-17T01:19:53","date_gmt":"2024-10-17T01:19:53","guid":{"rendered":"https:\/\/cosaancosmetics.com\/?post_type=product&#038;p=2333"},"modified":"2026-04-13T11:58:18","modified_gmt":"2026-04-13T16:58:18","slug":"natural-capillary-oil","status":"publish","type":"product","link":"https:\/\/cosaancosmetics.com\/fr\/shop\/cosmetics\/natural-capillary-oil\/","title":{"rendered":"Huile de Soin Capillaire 2oz\/60ml"},"content":{"rendered":"<p>&nbsp;<\/p>\n<p><strong>Botanique organique<\/strong><br \/>\n<strong>Fabriqu\u00e9 en petite quantit\u00e9 au Canada. Non test\u00e9 sur animaux.<\/strong><\/p>\n<p><strong>2 fl. oz \/ 60 ml<\/strong><\/p>\n<h4>Ingr\u00e9dients:<\/h4>\n<p>Huile de Baobab (Adansonia digitata), Huile de Macadamia Ternifolia.<\/p>\n<p><!--more--><\/p>\n<p><strong>Huile pr\u00e9cieuse de baobab biologique<\/strong><\/p>\n<p>Cette huile pr\u00e9cieuse et riche en antioxydants, om\u00e9ga et vitamine, maintient l'hydratation du cheveu et lutte contre les effets du temps. R\u00e9paratrice, protectrice et assouplissante, cette huile au toucher p\u00e9n\u00e9trant ne laisse pas de film gras. R\u00e9g\u00e9n\u00e9rante, elle maintient la souplesse et apporte brillance aux cheveux.<\/p>\n<p><strong>Huile de macadamia biologique<\/strong><\/p>\n<p>Ultra-nourrissante, cette huile est riche en om\u00e9ga 7 et a des propri\u00e9t\u00e9s antioxydantes qui prot\u00e8gent la fibre capillaire des agressions ext\u00e9rieures. Elle donne brillance et vigueur aux cheveux et aide \u00e0 pr\u00e9server les couleurs capillaires. Protectrice, elle limite les agressions du cheveu.<\/p>\n<h4>Conseil d\u2019utilisation<\/h4>\n<p>Utilisez sur cheveux humides ou apr\u00e8s avoir vaporis\u00e9 vos cheveux. Utilisez selon vos besoins. Une petite quantit\u00e9 suffit !<br \/>\nVeuillez effectuer un test cutan\u00e9 sur une petite zone avant utilisation.<\/p>\n<p>&nbsp;<\/p>","protected":false},"excerpt":{"rendered":"<p>Notre soin sera le nouvel alli\u00e9 de votre routine beaut\u00e9 capillaire, gr\u00e2ce \u00e0 son cocktail d\u2019huiles pr\u00e9cieuses l\u00e9g\u00e8res, naturellement riche en nutriments, om\u00e9ga et vitamine E. Notre huile est compos\u00e9e d'ingr\u00e9dients 100 % naturels, biologique qui nourrissent en profondeur les cheveux, les revitalisent, favorisent grandement leur croissance et ravivent les zones clairsem\u00e9es. Un soin v\u00e9ritablement pur et naturel ! Sans effet gras. Pour les hommes comme pour les femmes.<br \/>\nNotre huile polyvalente peut \u00eatre utilis\u00e9e comme soin sans rin\u00e7age, huile de massage du cuir chevelu ou en soin avant-shampooing, pour hydrater et faire briller vos cheveux sans les alourdir.<\/p>","protected":false},"featured_media":3064,"comment_status":"open","ping_status":"closed","template":"","meta":{"_uag_custom_page_level_css":""},"product_brand":[],"product_cat":[27],"product_tag":[],"class_list":{"0":"post-2333","1":"product","2":"type-product","3":"status-publish","4":"has-post-thumbnail","6":"wc_square_synced-yes","7":"product_cat-cosmetics","8":"product_shipping_class-light-package","10":"first","11":"instock","12":"taxable","13":"shipping-taxable","14":"purchasable","15":"product-type-simple"},"aioseo_notices":[],"uagb_featured_image_src":{"full":["https:\/\/cosaancosmetics.com\/wp-content\/uploads\/2025\/12\/20251205_083609-scaled.jpg",1920,2560,false],"thumbnail":["https:\/\/cosaancosmetics.com\/wp-content\/uploads\/2025\/12\/20251205_083609-150x150.jpg",150,150,true],"medium":["https:\/\/cosaancosmetics.com\/wp-content\/uploads\/2025\/12\/20251205_083609-225x300.jpg",225,300,true],"medium_large":["https:\/\/cosaancosmetics.com\/wp-content\/uploads\/2025\/12\/20251205_083609-768x1024.jpg",768,1024,true],"large":["https:\/\/cosaancosmetics.com\/wp-content\/uploads\/2025\/12\/20251205_083609-768x1024.jpg",768,1024,true],"1536x1536":["https:\/\/cosaancosmetics.com\/wp-content\/uploads\/2025\/12\/20251205_083609-1152x1536.jpg",1152,1536,true],"2048x2048":["https:\/\/cosaancosmetics.com\/wp-content\/uploads\/2025\/12\/20251205_083609-1536x2048.jpg",1536,2048,true],"trp-custom-language-flag":["https:\/\/cosaancosmetics.com\/wp-content\/uploads\/2025\/12\/20251205_083609-9x12.jpg",9,12,true],"woocommerce_thumbnail":["https:\/\/cosaancosmetics.com\/wp-content\/uploads\/2025\/12\/20251205_083609-scaled-324x324.jpg",324,324,true],"woocommerce_single":["https:\/\/cosaancosmetics.com\/wp-content\/uploads\/2025\/12\/20251205_083609-scaled-416x555.jpg",416,555,true],"woocommerce_gallery_thumbnail":["https:\/\/cosaancosmetics.com\/wp-content\/uploads\/2025\/12\/20251205_083609-scaled-100x100.jpg",100,100,true]},"uagb_author_info":{"display_name":"Cosaan Cosmetics","author_link":"https:\/\/cosaancosmetics.com\/fr\/author\/"},"uagb_comment_info":0,"uagb_excerpt":"Our treatment will be the new ally in your hair care routine, thanks to its blend of precious light oils, naturally rich in nutrients, omega and vitamin E. Our oil is made from 100% natural, organic ingredients that deeply nourish and revitalize the hair, greatly promoting growth and reviving thinning areas. A truly pure and&hellip;","jetpack_sharing_enabled":true,"_links":{"self":[{"href":"https:\/\/cosaancosmetics.com\/fr\/wp-json\/wp\/v2\/product\/2333","targetHints":{"allow":["GET"]}}],"collection":[{"href":"https:\/\/cosaancosmetics.com\/fr\/wp-json\/wp\/v2\/product"}],"about":[{"href":"https:\/\/cosaancosmetics.com\/fr\/wp-json\/wp\/v2\/types\/product"}],"replies":[{"embeddable":true,"href":"https:\/\/cosaancosmetics.com\/fr\/wp-json\/wp\/v2\/comments?post=2333"}],"wp:featuredmedia":[{"embeddable":true,"href":"https:\/\/cosaancosmetics.com\/fr\/wp-json\/wp\/v2\/media\/3064"}],"wp:attachment":[{"href":"https:\/\/cosaancosmetics.com\/fr\/wp-json\/wp\/v2\/media?parent=2333"}],"wp:term":[{"taxonomy":"product_brand","embeddable":true,"href":"https:\/\/cosaancosmetics.com\/fr\/wp-json\/wp\/v2\/product_brand?post=2333"},{"taxonomy":"product_cat","embeddable":true,"href":"https:\/\/cosaancosmetics.com\/fr\/wp-json\/wp\/v2\/product_cat?post=2333"},{"taxonomy":"product_tag","embeddable":true,"href":"https:\/\/cosaancosmetics.com\/fr\/wp-json\/wp\/v2\/product_tag?post=2333"}],"curies":[{"name":"wp","href":"https:\/\/api.w.org\/{rel}","templated":true}]}}