{"id":2928,"date":"2025-11-07T22:20:20","date_gmt":"2025-11-08T03:20:20","guid":{"rendered":"https:\/\/cosaancosmetics.com\/?post_type=product&#038;p=2928"},"modified":"2026-04-13T23:15:27","modified_gmt":"2026-04-14T04:15:27","slug":"soothing-body-serum","status":"publish","type":"product","link":"https:\/\/cosaancosmetics.com\/fr\/shop\/cosmetics\/soothing-body-serum\/","title":{"rendered":"S\u00e9rum corporel apaisant 8oz\/240ml"},"content":{"rendered":"<p><strong>Rituel botanique<\/strong><\/p>\n<p><strong>Avec Baobab<\/strong><\/p>\n<p><strong>Fabriqu\u00e9 en petite quantit\u00e9 au Canada. Non test\u00e9 sur animaux.<\/strong><\/p>\n<p><strong>8 fl. oz \/ 240 ml<\/strong><\/p>\n<h4>Ingr\u00e9dients:<\/h4>\n<p>Huile de Macadamia Ternifolia , Huile d'Adansonia Digitata (Baobab), Squalane, Cera Alba<\/p>\n<p><!--more--><\/p>\n<p><strong>Huile de Macadamia<\/strong><\/p>\n<p>L\u2019huile de macadamia est riche en om\u00e9ga 7 et en acides. Elle contient beaucoup de prot\u00e9ines<\/p>\n<p><strong>Huile de Baobab<\/strong><\/p>\n<p>L\u2019huile de baobab est riche en vitamine A, C, E et F, et en om\u00e9ga 3,6 et 9.<\/p>\n<p><strong>Squal\u00e8ne v\u00e9g\u00e9tale<\/strong><\/p>\n<p>La squal\u00e8ne v\u00e9g\u00e9tale a une excellente affinit\u00e9 avec la peau. Elle hydrate la peau et aide \u00e0 restaurer la barri\u00e8re lipidique cutan\u00e9e afin de pr\u00e9venir le dess\u00e8chement.<\/p>\n<p><strong>Cire d\u2019abeille <\/strong><\/p>\n<p>Riche en vitamine A, la cire d\u2019abeille prot\u00e8ge, hydrate profond\u00e9ment et durablement la peau.<\/p>\n<h4>Conseil d\u2019utilisation<\/h4>\n<p>Appliquez g\u00e9n\u00e9reusement l\u00e0 o\u00f9 c'est n\u00e9cessaire. Pour de meilleurs r\u00e9sultats, appliquez sur une peau humide.<\/p>\n<p>&nbsp;<\/p>","protected":false},"excerpt":{"rendered":"<p>V\u00e9ritable soin, cette huile riche en antioxydants, en vitamines,  \u00e0 l\u2019odeur agr\u00e9able de miel, laisse la peau douce, souple, velout\u00e9e. Elle apaise et assouplit la peau tout en la prot\u00e9geant contre la s\u00e8cheresse. Elle offre une nutrition intense sans effet gras. Chaque application est un moment de confort luxueux et doux. Une formule au complexe d\u2019huiles v\u00e9g\u00e9tales,100% d\u2019origine naturelle, pour tous types de peau et adapt\u00e9e pour les femmes enceinte.<\/p>","protected":false},"featured_media":3065,"comment_status":"open","ping_status":"closed","template":"","meta":{"_uag_custom_page_level_css":""},"product_brand":[],"product_cat":[27],"product_tag":[],"class_list":{"0":"post-2928","1":"product","2":"type-product","3":"status-publish","4":"has-post-thumbnail","6":"wc_square_synced-yes","7":"product_cat-cosmetics","8":"product_shipping_class-light-package","10":"first","11":"instock","12":"taxable","13":"shipping-taxable","14":"purchasable","15":"product-type-simple"},"aioseo_notices":[],"uagb_featured_image_src":{"full":["https:\/\/cosaancosmetics.com\/wp-content\/uploads\/2025\/12\/20251205_084109-scaled.jpg",1920,2560,false],"thumbnail":["https:\/\/cosaancosmetics.com\/wp-content\/uploads\/2025\/12\/20251205_084109-150x150.jpg",150,150,true],"medium":["https:\/\/cosaancosmetics.com\/wp-content\/uploads\/2025\/12\/20251205_084109-225x300.jpg",225,300,true],"medium_large":["https:\/\/cosaancosmetics.com\/wp-content\/uploads\/2025\/12\/20251205_084109-768x1024.jpg",768,1024,true],"large":["https:\/\/cosaancosmetics.com\/wp-content\/uploads\/2025\/12\/20251205_084109-768x1024.jpg",768,1024,true],"1536x1536":["https:\/\/cosaancosmetics.com\/wp-content\/uploads\/2025\/12\/20251205_084109-1152x1536.jpg",1152,1536,true],"2048x2048":["https:\/\/cosaancosmetics.com\/wp-content\/uploads\/2025\/12\/20251205_084109-1536x2048.jpg",1536,2048,true],"trp-custom-language-flag":["https:\/\/cosaancosmetics.com\/wp-content\/uploads\/2025\/12\/20251205_084109-9x12.jpg",9,12,true],"woocommerce_thumbnail":["https:\/\/cosaancosmetics.com\/wp-content\/uploads\/2025\/12\/20251205_084109-scaled-324x324.jpg",324,324,true],"woocommerce_single":["https:\/\/cosaancosmetics.com\/wp-content\/uploads\/2025\/12\/20251205_084109-scaled-416x555.jpg",416,555,true],"woocommerce_gallery_thumbnail":["https:\/\/cosaancosmetics.com\/wp-content\/uploads\/2025\/12\/20251205_084109-scaled-100x100.jpg",100,100,true]},"uagb_author_info":{"display_name":"Cosaan Cosmetics","author_link":"https:\/\/cosaancosmetics.com\/fr\/author\/"},"uagb_comment_info":0,"uagb_excerpt":"A true skincare product, this oil is rich in antioxidants and vitamins, with a pleasant honey scent, leaving the skin soft, supple, and velvety. It soothes and softens the skin while protecting it from dryness. It provides intense nourishment without leaving a greasy residue. Each application is a moment of luxurious comfort and softness. A&hellip;","jetpack_sharing_enabled":true,"_links":{"self":[{"href":"https:\/\/cosaancosmetics.com\/fr\/wp-json\/wp\/v2\/product\/2928","targetHints":{"allow":["GET"]}}],"collection":[{"href":"https:\/\/cosaancosmetics.com\/fr\/wp-json\/wp\/v2\/product"}],"about":[{"href":"https:\/\/cosaancosmetics.com\/fr\/wp-json\/wp\/v2\/types\/product"}],"replies":[{"embeddable":true,"href":"https:\/\/cosaancosmetics.com\/fr\/wp-json\/wp\/v2\/comments?post=2928"}],"wp:featuredmedia":[{"embeddable":true,"href":"https:\/\/cosaancosmetics.com\/fr\/wp-json\/wp\/v2\/media\/3065"}],"wp:attachment":[{"href":"https:\/\/cosaancosmetics.com\/fr\/wp-json\/wp\/v2\/media?parent=2928"}],"wp:term":[{"taxonomy":"product_brand","embeddable":true,"href":"https:\/\/cosaancosmetics.com\/fr\/wp-json\/wp\/v2\/product_brand?post=2928"},{"taxonomy":"product_cat","embeddable":true,"href":"https:\/\/cosaancosmetics.com\/fr\/wp-json\/wp\/v2\/product_cat?post=2928"},{"taxonomy":"product_tag","embeddable":true,"href":"https:\/\/cosaancosmetics.com\/fr\/wp-json\/wp\/v2\/product_tag?post=2928"}],"curies":[{"name":"wp","href":"https:\/\/api.w.org\/{rel}","templated":true}]}}