{"id":2965,"date":"2025-11-09T18:11:20","date_gmt":"2025-11-09T23:11:20","guid":{"rendered":"https:\/\/cosaancosmetics.com\/?post_type=product&#038;p=2965"},"modified":"2026-04-13T08:21:10","modified_gmt":"2026-04-13T13:21:10","slug":"precious-baobab-oil","status":"publish","type":"product","link":"https:\/\/cosaancosmetics.com\/fr\/shop\/cosmetics\/precious-baobab-oil\/","title":{"rendered":"Huile pr\u00e9cieuse de baobab 2oz\/60ml"},"content":{"rendered":"<p><strong>L\u2019or de savane<\/strong><br \/>\n<strong>Organique et press\u00e9e \u00e0 froid<\/strong><br \/>\n<strong>Concentr\u00e9e en vitamine C<\/strong><br \/>\n<strong>Pour visage, corps et cheveux<\/strong><br \/>\n<strong>Fabriqu\u00e9 en petite quantit\u00e9 au Canada. Non test\u00e9 sur animaux.<\/strong><\/p>\n<p><strong>2 fl. oz \/ 60 ml<\/strong><\/p>\n<h4>Ingr\u00e9dients:<\/h4>\n<p>Baobab (Adansonia digitata) Oil<\/p>\n<p><!--more--><\/p>\n<p>La composition de l' <strong>huile de baobab<\/strong>:<\/p>\n<ul>\n<li><strong>Om\u00e9ga 3, 6 et 9<\/strong>: Nourrissent et prot\u00e8gent la peau.<\/li>\n<li><strong>Vitamine E<\/strong>: Un puissant antioxydant qui lutte contre le vieillissement cutan\u00e9.<\/li>\n<li><strong>Phytost\u00e9rols<\/strong>: Apaisent et r\u00e9parent les peaux agress\u00e9es.<\/li>\n<li><strong>Acides amin\u00e9s<\/strong>: Favorisent la r\u00e9g\u00e9n\u00e9ration cellulaire.<\/li>\n<\/ul>\n<h4>Conseil d\u2019utilisation<\/h4>\n<p>Prendre une petite quantit\u00e9 \u00e0 la fois puis appliquer sur la peau ou les cheveux. Utiliser selon les besoins.<\/p>","protected":false},"excerpt":{"rendered":"<p>L\u2019huile de baobab surnomm\u00e9e \u00ab l\u2019arbre du pharmacien \u00bb est originaire du S\u00e9n\u00e9gal. Elle est riche en vitamine, antioxydant naturels, om\u00e9ga, acides amin\u00e9s et phytost\u00e9rols. Cette huile l\u00e9g\u00e8re p\u00e9n\u00e8tre en profondeur pour revitaliser votre peau et vos cheveux. Elle scelle l'hydratation, donne \u00e0 votre peau une apparence radieuse et \u00e9clatante lui r\u00e9v\u00e9lant une douceur de jeunesse. Elle est riche en acides gras essentiels et agit comme une source de nutrition intense pour votre peau. Elle s\u2019harmonie avec tous les types de peau, favorisant ainsi un teint lumineux, uniforme et un lustre naturel. Elle n\u2019est pas com\u00e9dog\u00e8ne.<br \/>\nL'huile de baobab apporte \u00e9galement ses bienfaits nourrissants et revitalisants \u00e0 vos cheveux. Cet embellisseur capillaire nourrira en profondeur et prot\u00e8gera vos cheveux.<\/p>","protected":false},"featured_media":3066,"comment_status":"open","ping_status":"closed","template":"","meta":{"_uag_custom_page_level_css":""},"product_brand":[],"product_cat":[27],"product_tag":[],"class_list":{"0":"post-2965","1":"product","2":"type-product","3":"status-publish","4":"has-post-thumbnail","6":"wc_square_synced-yes","7":"product_cat-cosmetics","8":"product_shipping_class-light-package","10":"first","11":"instock","12":"taxable","13":"shipping-taxable","14":"purchasable","15":"product-type-simple"},"aioseo_notices":[],"uagb_featured_image_src":{"full":["https:\/\/cosaancosmetics.com\/wp-content\/uploads\/2025\/12\/20251205_084222-scaled.jpg",1920,2560,false],"thumbnail":["https:\/\/cosaancosmetics.com\/wp-content\/uploads\/2025\/12\/20251205_084222-150x150.jpg",150,150,true],"medium":["https:\/\/cosaancosmetics.com\/wp-content\/uploads\/2025\/12\/20251205_084222-225x300.jpg",225,300,true],"medium_large":["https:\/\/cosaancosmetics.com\/wp-content\/uploads\/2025\/12\/20251205_084222-768x1024.jpg",768,1024,true],"large":["https:\/\/cosaancosmetics.com\/wp-content\/uploads\/2025\/12\/20251205_084222-768x1024.jpg",768,1024,true],"1536x1536":["https:\/\/cosaancosmetics.com\/wp-content\/uploads\/2025\/12\/20251205_084222-1152x1536.jpg",1152,1536,true],"2048x2048":["https:\/\/cosaancosmetics.com\/wp-content\/uploads\/2025\/12\/20251205_084222-1536x2048.jpg",1536,2048,true],"trp-custom-language-flag":["https:\/\/cosaancosmetics.com\/wp-content\/uploads\/2025\/12\/20251205_084222-9x12.jpg",9,12,true],"woocommerce_thumbnail":["https:\/\/cosaancosmetics.com\/wp-content\/uploads\/2025\/12\/20251205_084222-scaled-324x324.jpg",324,324,true],"woocommerce_single":["https:\/\/cosaancosmetics.com\/wp-content\/uploads\/2025\/12\/20251205_084222-scaled-416x555.jpg",416,555,true],"woocommerce_gallery_thumbnail":["https:\/\/cosaancosmetics.com\/wp-content\/uploads\/2025\/12\/20251205_084222-scaled-100x100.jpg",100,100,true]},"uagb_author_info":{"display_name":"Cosaan Cosmetics","author_link":"https:\/\/cosaancosmetics.com\/fr\/author\/"},"uagb_comment_info":0,"uagb_excerpt":"Baobab oil, nicknamed \u201cthe pharmacist's tree,\u201d originates from Senegal. It is rich in vitamins, natural antioxidants, omega fatty acids, amino acids, and phytosterols. This lightweight oil penetrates deeply to revitalize your skin and hair. It seals in moisture, giving your skin a radiant and glowing appearance and revealing its youthful softness. Rich in essential fatty&hellip;","jetpack_sharing_enabled":true,"_links":{"self":[{"href":"https:\/\/cosaancosmetics.com\/fr\/wp-json\/wp\/v2\/product\/2965","targetHints":{"allow":["GET"]}}],"collection":[{"href":"https:\/\/cosaancosmetics.com\/fr\/wp-json\/wp\/v2\/product"}],"about":[{"href":"https:\/\/cosaancosmetics.com\/fr\/wp-json\/wp\/v2\/types\/product"}],"replies":[{"embeddable":true,"href":"https:\/\/cosaancosmetics.com\/fr\/wp-json\/wp\/v2\/comments?post=2965"}],"wp:featuredmedia":[{"embeddable":true,"href":"https:\/\/cosaancosmetics.com\/fr\/wp-json\/wp\/v2\/media\/3066"}],"wp:attachment":[{"href":"https:\/\/cosaancosmetics.com\/fr\/wp-json\/wp\/v2\/media?parent=2965"}],"wp:term":[{"taxonomy":"product_brand","embeddable":true,"href":"https:\/\/cosaancosmetics.com\/fr\/wp-json\/wp\/v2\/product_brand?post=2965"},{"taxonomy":"product_cat","embeddable":true,"href":"https:\/\/cosaancosmetics.com\/fr\/wp-json\/wp\/v2\/product_cat?post=2965"},{"taxonomy":"product_tag","embeddable":true,"href":"https:\/\/cosaancosmetics.com\/fr\/wp-json\/wp\/v2\/product_tag?post=2965"}],"curies":[{"name":"wp","href":"https:\/\/api.w.org\/{rel}","templated":true}]}}